{"id":29052,"date":"2025-04-03T09:23:23","date_gmt":"2025-04-03T09:23:23","guid":{"rendered":"https:\/\/tiobigotes.nl\/?post_type=product&#038;p=29052"},"modified":"2025-04-21T14:22:45","modified_gmt":"2025-04-21T14:22:45","slug":"empanada-vacio-provoleta-chimichurri-2","status":"publish","type":"product","link":"https:\/\/tiobigotes.nl\/nl\/product\/empanada-vacio-provoleta-chimichurri-2\/","title":{"rendered":"Empanada Jam\u00f3n Ib\u00e9rico, R\u00facula, Parmesano y Tomate"},"content":{"rendered":"<p>&#8220;Indulge in the sophistication of Spanish flavors with our Jam\u00f3n Ib\u00e9rico empanada. We use only the finest acorn-fed Ib\u00e9rico ham, prized for its rich, nutty flavor and marbled texture. Combined with peppery fresh arugula, aged Parmigiano-Reggiano cheese (aged 24 months for intense umami notes), and sweet sun-dried tomatoes, this empanada offers a perfect balance of salty, sweet, and herbal notes. The premium ingredients shine through in every bite, elevated by our buttery, hand-rolled pastry. A true taste of Mediterranean luxury that transforms any occasion into a special event.&#8221;<\/p>\n<p><strong>Suggested Selling Points:<\/strong><\/p>\n<ul>\n<li>Acorn-fed Ib\u00e9rico ham (100% pure breed)<\/li>\n<li>Aged Italian Parmesan cheese<\/li>\n<li>Organic baby arugula<\/li>\n<li>Sun-dried tomatoes in olive oil<\/li>\n<li>Artisanal preparation method<\/li>\n<\/ul>","protected":false},"excerpt":{"rendered":"<p>&#8220;Indulge in the sophistication of Spanish flavors with our Jam\u00f3n Ib\u00e9rico empanada. We use only the finest acorn-fed Ib\u00e9rico ham, prized for its rich, nutty flavor and marbled texture. Combined&hellip;<\/p>","protected":false},"featured_media":29051,"comment_status":"open","ping_status":"closed","template":"","meta":[],"product_brand":[],"product_cat":[224],"product_tag":[236,239,232,231,237,233,235,230,234,238],"class_list":{"0":"post-29052","1":"product","2":"type-product","3":"status-publish","4":"has-post-thumbnail","6":"product_cat-empanadas-premium","7":"product_tag-acorn-fed","8":"product_tag-arugul","9":"product_tag-gourmet","10":"product_tag-iberico-ham","11":"product_tag-mediterranean","12":"product_tag-parmesan","13":"product_tag-premium","14":"product_tag-spanish-empanada","15":"product_tag-sun-dried-tomato","16":"product_tag-tapas","18":"first","19":"instock","20":"taxable","21":"shipping-taxable","22":"purchasable","23":"product-type-simple"},"yoast_head":"<!-- This site is optimized with the Yoast SEO plugin v27.2 - https:\/\/yoast.com\/product\/yoast-seo-wordpress\/ -->\n<title>Empanada Jam\u00f3n Ib\u00e9rico, R\u00facula, Parmesano y Tomate - Tio Bigotes<\/title>\n<meta name=\"description\" content=\"Spanish-inspired empanada with acorn-fed Ib\u00e9rico ham, aged parmesan &amp; sun-dried tomatoes. Artisanal, flaky crust. Freezes well - order multiples today.\" \/>\n<meta name=\"robots\" content=\"index, follow, max-snippet:-1, max-image-preview:large, max-video-preview:-1\" \/>\n<link rel=\"canonical\" href=\"https:\/\/tiobigotes.nl\/nl\/product\/empanada-vacio-provoleta-chimichurri-2\/\" \/>\n<meta property=\"og:locale\" content=\"nl_NL\" \/>\n<meta property=\"og:type\" content=\"article\" \/>\n<meta property=\"og:title\" content=\"Empanada Jam\u00f3n Ib\u00e9rico, R\u00facula, Parmesano y Tomate - Tio Bigotes\" \/>\n<meta property=\"og:description\" content=\"Spanish-inspired empanada with acorn-fed Ib\u00e9rico ham, aged parmesan &amp; sun-dried tomatoes. Artisanal, flaky crust. Freezes well - order multiples today.\" \/>\n<meta property=\"og:url\" content=\"https:\/\/tiobigotes.nl\/nl\/product\/empanada-vacio-provoleta-chimichurri-2\/\" \/>\n<meta property=\"og:site_name\" content=\"Tio Bigotes\" \/>\n<meta property=\"article:modified_time\" content=\"2025-04-21T14:22:45+00:00\" \/>\n<meta property=\"og:image\" content=\"https:\/\/tiobigotes.nl\/wp-content\/uploads\/2025\/04\/PREMIUM-Jamon-Iberico-Rucula-Parmesano-y-Tomate-AI-.jpg\" \/>\n\t<meta property=\"og:image:width\" content=\"2048\" \/>\n\t<meta property=\"og:image:height\" content=\"1360\" \/>\n\t<meta property=\"og:image:type\" content=\"image\/jpeg\" \/>\n<meta name=\"twitter:card\" content=\"summary_large_image\" \/>\n<meta name=\"twitter:label1\" content=\"Verwachte leestijd\" \/>\n\t<meta name=\"twitter:data1\" content=\"1 minuut\" \/>\n<script type=\"application\/ld+json\" class=\"yoast-schema-graph\">{\"@context\":\"https:\/\/schema.org\",\"@graph\":[{\"@type\":\"WebPage\",\"@id\":\"https:\/\/tiobigotes.nl\/product\/empanada-vacio-provoleta-chimichurri-2\/\",\"url\":\"https:\/\/tiobigotes.nl\/product\/empanada-vacio-provoleta-chimichurri-2\/\",\"name\":\"Empanada Jam\u00f3n Ib\u00e9rico, R\u00facula, Parmesano y Tomate - Tio Bigotes\",\"isPartOf\":{\"@id\":\"https:\/\/tiobigotes.nl\/#website\"},\"primaryImageOfPage\":{\"@id\":\"https:\/\/tiobigotes.nl\/product\/empanada-vacio-provoleta-chimichurri-2\/#primaryimage\"},\"image\":{\"@id\":\"https:\/\/tiobigotes.nl\/product\/empanada-vacio-provoleta-chimichurri-2\/#primaryimage\"},\"thumbnailUrl\":\"https:\/\/tiobigotes.nl\/wp-content\/uploads\/2025\/04\/PREMIUM-Jamon-Iberico-Rucula-Parmesano-y-Tomate-AI-.jpg\",\"datePublished\":\"2025-04-03T09:23:23+00:00\",\"dateModified\":\"2025-04-21T14:22:45+00:00\",\"description\":\"Spanish-inspired empanada with acorn-fed Ib\u00e9rico ham, aged parmesan & sun-dried tomatoes. Artisanal, flaky crust. Freezes well - order multiples today.\",\"breadcrumb\":{\"@id\":\"https:\/\/tiobigotes.nl\/product\/empanada-vacio-provoleta-chimichurri-2\/#breadcrumb\"},\"inLanguage\":\"nl-NL\",\"potentialAction\":[{\"@type\":\"ReadAction\",\"target\":[\"https:\/\/tiobigotes.nl\/product\/empanada-vacio-provoleta-chimichurri-2\/\"]}]},{\"@type\":\"ImageObject\",\"inLanguage\":\"nl-NL\",\"@id\":\"https:\/\/tiobigotes.nl\/product\/empanada-vacio-provoleta-chimichurri-2\/#primaryimage\",\"url\":\"https:\/\/tiobigotes.nl\/wp-content\/uploads\/2025\/04\/PREMIUM-Jamon-Iberico-Rucula-Parmesano-y-Tomate-AI-.jpg\",\"contentUrl\":\"https:\/\/tiobigotes.nl\/wp-content\/uploads\/2025\/04\/PREMIUM-Jamon-Iberico-Rucula-Parmesano-y-Tomate-AI-.jpg\",\"width\":2048,\"height\":1360},{\"@type\":\"BreadcrumbList\",\"@id\":\"https:\/\/tiobigotes.nl\/product\/empanada-vacio-provoleta-chimichurri-2\/#breadcrumb\",\"itemListElement\":[{\"@type\":\"ListItem\",\"position\":1,\"name\":\"Home\",\"item\":\"https:\/\/tiobigotes.nl\/\"},{\"@type\":\"ListItem\",\"position\":2,\"name\":\"Menu\",\"item\":\"https:\/\/tiobigotes.nl\/menu-2\/\"},{\"@type\":\"ListItem\",\"position\":3,\"name\":\"Empanada Jam\u00f3n Ib\u00e9rico, R\u00facula, Parmesano y Tomate\"}]},{\"@type\":\"WebSite\",\"@id\":\"https:\/\/tiobigotes.nl\/#website\",\"url\":\"https:\/\/tiobigotes.nl\/\",\"name\":\"tiobigotes\",\"description\":\"Authentic Argentine empanadas, handmade with care and now freshly served in the heart of The Hague \u2014 taste tradition with a modern twist.\",\"publisher\":{\"@id\":\"https:\/\/tiobigotes.nl\/#organization\"},\"potentialAction\":[{\"@type\":\"SearchAction\",\"target\":{\"@type\":\"EntryPoint\",\"urlTemplate\":\"https:\/\/tiobigotes.nl\/?s={search_term_string}\"},\"query-input\":{\"@type\":\"PropertyValueSpecification\",\"valueRequired\":true,\"valueName\":\"search_term_string\"}}],\"inLanguage\":\"nl-NL\"},{\"@type\":\"Organization\",\"@id\":\"https:\/\/tiobigotes.nl\/#organization\",\"name\":\"tiobigotes\",\"url\":\"https:\/\/tiobigotes.nl\/\",\"logo\":{\"@type\":\"ImageObject\",\"inLanguage\":\"nl-NL\",\"@id\":\"https:\/\/tiobigotes.nl\/#\/schema\/logo\/image\/\",\"url\":\"https:\/\/tiobigotes.nl\/wp-content\/uploads\/2023\/01\/cropped-cropped-TB_simbolo_TIKTOK-1.png\",\"contentUrl\":\"https:\/\/tiobigotes.nl\/wp-content\/uploads\/2023\/01\/cropped-cropped-TB_simbolo_TIKTOK-1.png\",\"width\":512,\"height\":512,\"caption\":\"tiobigotes\"},\"image\":{\"@id\":\"https:\/\/tiobigotes.nl\/#\/schema\/logo\/image\/\"}}]}<\/script>\n<!-- \/ Yoast SEO plugin. -->","yoast_head_json":{"title":"Empanada Jam\u00f3n Ib\u00e9rico, R\u00facula, Parmesano y Tomate - Tio Bigotes","description":"Spanish-inspired empanada with acorn-fed Ib\u00e9rico ham, aged parmesan & sun-dried tomatoes. Artisanal, flaky crust. Freezes well - order multiples today.","robots":{"index":"index","follow":"follow","max-snippet":"max-snippet:-1","max-image-preview":"max-image-preview:large","max-video-preview":"max-video-preview:-1"},"canonical":"https:\/\/tiobigotes.nl\/nl\/product\/empanada-vacio-provoleta-chimichurri-2\/","og_locale":"nl_NL","og_type":"article","og_title":"Empanada Jam\u00f3n Ib\u00e9rico, R\u00facula, Parmesano y Tomate - Tio Bigotes","og_description":"Spanish-inspired empanada with acorn-fed Ib\u00e9rico ham, aged parmesan & sun-dried tomatoes. Artisanal, flaky crust. Freezes well - order multiples today.","og_url":"https:\/\/tiobigotes.nl\/nl\/product\/empanada-vacio-provoleta-chimichurri-2\/","og_site_name":"Tio Bigotes","article_modified_time":"2025-04-21T14:22:45+00:00","og_image":[{"width":2048,"height":1360,"url":"https:\/\/tiobigotes.nl\/wp-content\/uploads\/2025\/04\/PREMIUM-Jamon-Iberico-Rucula-Parmesano-y-Tomate-AI-.jpg","type":"image\/jpeg"}],"twitter_card":"summary_large_image","twitter_misc":{"Verwachte leestijd":"1 minuut"},"schema":{"@context":"https:\/\/schema.org","@graph":[{"@type":"WebPage","@id":"https:\/\/tiobigotes.nl\/product\/empanada-vacio-provoleta-chimichurri-2\/","url":"https:\/\/tiobigotes.nl\/product\/empanada-vacio-provoleta-chimichurri-2\/","name":"Empanada Jam\u00f3n Ib\u00e9rico, R\u00facula, Parmesano y Tomate - Tio Bigotes","isPartOf":{"@id":"https:\/\/tiobigotes.nl\/#website"},"primaryImageOfPage":{"@id":"https:\/\/tiobigotes.nl\/product\/empanada-vacio-provoleta-chimichurri-2\/#primaryimage"},"image":{"@id":"https:\/\/tiobigotes.nl\/product\/empanada-vacio-provoleta-chimichurri-2\/#primaryimage"},"thumbnailUrl":"https:\/\/tiobigotes.nl\/wp-content\/uploads\/2025\/04\/PREMIUM-Jamon-Iberico-Rucula-Parmesano-y-Tomate-AI-.jpg","datePublished":"2025-04-03T09:23:23+00:00","dateModified":"2025-04-21T14:22:45+00:00","description":"Spanish-inspired empanada with acorn-fed Ib\u00e9rico ham, aged parmesan & sun-dried tomatoes. Artisanal, flaky crust. Freezes well - order multiples today.","breadcrumb":{"@id":"https:\/\/tiobigotes.nl\/product\/empanada-vacio-provoleta-chimichurri-2\/#breadcrumb"},"inLanguage":"nl-NL","potentialAction":[{"@type":"ReadAction","target":["https:\/\/tiobigotes.nl\/product\/empanada-vacio-provoleta-chimichurri-2\/"]}]},{"@type":"ImageObject","inLanguage":"nl-NL","@id":"https:\/\/tiobigotes.nl\/product\/empanada-vacio-provoleta-chimichurri-2\/#primaryimage","url":"https:\/\/tiobigotes.nl\/wp-content\/uploads\/2025\/04\/PREMIUM-Jamon-Iberico-Rucula-Parmesano-y-Tomate-AI-.jpg","contentUrl":"https:\/\/tiobigotes.nl\/wp-content\/uploads\/2025\/04\/PREMIUM-Jamon-Iberico-Rucula-Parmesano-y-Tomate-AI-.jpg","width":2048,"height":1360},{"@type":"BreadcrumbList","@id":"https:\/\/tiobigotes.nl\/product\/empanada-vacio-provoleta-chimichurri-2\/#breadcrumb","itemListElement":[{"@type":"ListItem","position":1,"name":"Home","item":"https:\/\/tiobigotes.nl\/"},{"@type":"ListItem","position":2,"name":"Menu","item":"https:\/\/tiobigotes.nl\/menu-2\/"},{"@type":"ListItem","position":3,"name":"Empanada Jam\u00f3n Ib\u00e9rico, R\u00facula, Parmesano y Tomate"}]},{"@type":"WebSite","@id":"https:\/\/tiobigotes.nl\/#website","url":"https:\/\/tiobigotes.nl\/","name":"tiobigotes","description":"Authentic Argentine empanadas, handmade with care and now freshly served in the heart of The Hague \u2014 taste tradition with a modern twist.","publisher":{"@id":"https:\/\/tiobigotes.nl\/#organization"},"potentialAction":[{"@type":"SearchAction","target":{"@type":"EntryPoint","urlTemplate":"https:\/\/tiobigotes.nl\/?s={search_term_string}"},"query-input":{"@type":"PropertyValueSpecification","valueRequired":true,"valueName":"search_term_string"}}],"inLanguage":"nl-NL"},{"@type":"Organization","@id":"https:\/\/tiobigotes.nl\/#organization","name":"tiobigotes","url":"https:\/\/tiobigotes.nl\/","logo":{"@type":"ImageObject","inLanguage":"nl-NL","@id":"https:\/\/tiobigotes.nl\/#\/schema\/logo\/image\/","url":"https:\/\/tiobigotes.nl\/wp-content\/uploads\/2023\/01\/cropped-cropped-TB_simbolo_TIKTOK-1.png","contentUrl":"https:\/\/tiobigotes.nl\/wp-content\/uploads\/2023\/01\/cropped-cropped-TB_simbolo_TIKTOK-1.png","width":512,"height":512,"caption":"tiobigotes"},"image":{"@id":"https:\/\/tiobigotes.nl\/#\/schema\/logo\/image\/"}}]}},"_links":{"self":[{"href":"https:\/\/tiobigotes.nl\/nl\/wp-json\/wp\/v2\/product\/29052","targetHints":{"allow":["GET"]}}],"collection":[{"href":"https:\/\/tiobigotes.nl\/nl\/wp-json\/wp\/v2\/product"}],"about":[{"href":"https:\/\/tiobigotes.nl\/nl\/wp-json\/wp\/v2\/types\/product"}],"replies":[{"embeddable":true,"href":"https:\/\/tiobigotes.nl\/nl\/wp-json\/wp\/v2\/comments?post=29052"}],"wp:featuredmedia":[{"embeddable":true,"href":"https:\/\/tiobigotes.nl\/nl\/wp-json\/wp\/v2\/media\/29051"}],"wp:attachment":[{"href":"https:\/\/tiobigotes.nl\/nl\/wp-json\/wp\/v2\/media?parent=29052"}],"wp:term":[{"taxonomy":"product_brand","embeddable":true,"href":"https:\/\/tiobigotes.nl\/nl\/wp-json\/wp\/v2\/product_brand?post=29052"},{"taxonomy":"product_cat","embeddable":true,"href":"https:\/\/tiobigotes.nl\/nl\/wp-json\/wp\/v2\/product_cat?post=29052"},{"taxonomy":"product_tag","embeddable":true,"href":"https:\/\/tiobigotes.nl\/nl\/wp-json\/wp\/v2\/product_tag?post=29052"}],"curies":[{"name":"wp","href":"https:\/\/api.w.org\/{rel}","templated":true}]}}